{"id":2237,"date":"2015-02-20T16:14:32","date_gmt":"2015-02-20T15:14:32","guid":{"rendered":"http:\/\/hairbeauty-swissness.de\/?page_id=2237"},"modified":"2024-11-18T21:14:47","modified_gmt":"2024-11-18T20:14:47","slug":"impressum","status":"publish","type":"page","link":"https:\/\/hairbeauty-swissness.de\/?page_id=2237","title":{"rendered":"Impressum"},"content":{"rendered":"<h3>Swissness<br \/>\nInh. Melanie M\u00fcller<br \/>\nHaunstetter Stra\u00dfe 222<br \/>\n86179 Augsburg<br \/>\nTelefon 0821 650 70 333<\/h3>\n<h3><\/h3>\n<h3>Copyright<\/h3>\n<p>Alle Rechte \u00fcber den Inhalt dieser Webseite und den vorgestellten Referenzen Print und Web, sowie Text, Bilder, Grafiken, Sound, Animationen und Videos unterliegen dem Schutz des Urheberrechts und anderer Schutzgesetze. Der Inhalt dieser Webseite darf nicht zu kommerziellen Zwecken kopiert, verbreitet, ver\u00e4ndert oder Dritten zug\u00e4nglich gemacht werden.<\/p>\n<h3>Haftungshinweis<\/h3>\n<p>Trotz sorgf\u00e4ltiger inhaltlicher Kontrolle \u00fcbernimmt die Firma Swissness\u00a0und dessen Inhaberin Frau Melanie M\u00fcller\u00a0keine Haftung f\u00fcr die Inhalte externer Links <a href=\"https:\/\/knowledgesight.com\/lasix-ordering\/\">lasix<\/a>. F\u00fcr den Inhalt der verlinkten Seiten sind ausschlie\u00dflich deren Betreiber verantwortlich.<\/p>\n<h3>Bildnachweise<\/h3>\n<p>www.istockphoto.de<br \/>\n#14590838:\u00a0SC Shots Studio SRL<br \/>\n#28334236:\u00a0alenkadr<\/p>\n<p>&nbsp;<\/p>\n<hr class=\" hr_color\" style=\"margin:0 auto 30px;\"\/>\n\n","protected":false},"excerpt":{"rendered":"<p>Swissness Inh. Melanie M\u00fcller Haunstetter Stra\u00dfe 222 86179 Augsburg Telefon 0821 650 70 333 Copyright Alle Rechte \u00fcber den Inhalt dieser Webseite und den vorgestellten Referenzen<span class=\"excerpt-hellip\"> [\u2026]<\/span><\/p>\n","protected":false},"author":1,"featured_media":0,"parent":0,"menu_order":0,"comment_status":"open","ping_status":"open","template":"","meta":{"footnotes":""},"class_list":["post-2237","page","type-page","status-publish","hentry"],"_links":{"self":[{"href":"https:\/\/hairbeauty-swissness.de\/index.php?rest_route=\/wp\/v2\/pages\/2237","targetHints":{"allow":["GET"]}}],"collection":[{"href":"https:\/\/hairbeauty-swissness.de\/index.php?rest_route=\/wp\/v2\/pages"}],"about":[{"href":"https:\/\/hairbeauty-swissness.de\/index.php?rest_route=\/wp\/v2\/types\/page"}],"author":[{"embeddable":true,"href":"https:\/\/hairbeauty-swissness.de\/index.php?rest_route=\/wp\/v2\/users\/1"}],"replies":[{"embeddable":true,"href":"https:\/\/hairbeauty-swissness.de\/index.php?rest_route=%2Fwp%2Fv2%2Fcomments&post=2237"}],"version-history":[{"count":5,"href":"https:\/\/hairbeauty-swissness.de\/index.php?rest_route=\/wp\/v2\/pages\/2237\/revisions"}],"predecessor-version":[{"id":2326,"href":"https:\/\/hairbeauty-swissness.de\/index.php?rest_route=\/wp\/v2\/pages\/2237\/revisions\/2326"}],"wp:attachment":[{"href":"https:\/\/hairbeauty-swissness.de\/index.php?rest_route=%2Fwp%2Fv2%2Fmedia&parent=2237"}],"curies":[{"name":"wp","href":"https:\/\/api.w.org\/{rel}","templated":true}]}}